{"id":9,"date":"2025-05-08T14:39:11","date_gmt":"2025-05-08T17:39:11","guid":{"rendered":"https:\/\/16bet4.com\/?page_id=9"},"modified":"2025-05-08T14:41:06","modified_gmt":"2025-05-08T17:41:06","slug":"2288bet99-a-principal-casa-de-apostas-de-confianca-das-americas","status":"publish","type":"page","link":"https:\/\/16bet4.com\/","title":{"rendered":"16bet4 &#8211; Promo\u00e7\u00e3o : R$ 16 de B\u00f4nus por Miss\u00f5es Conclu\u00eddas"},"content":{"rendered":"<p><img loading=\"lazy\" decoding=\"async\" class=\"aligncenter size-full wp-image-52\" src=\"https:\/\/16bet4.com\/wp-content\/uploads\/2025\/05\/banner1-16bet4-2.avif\" alt=\"Casa de apostas 16bet4\" width=\"710\" height=\"320\" \/><img loading=\"lazy\" decoding=\"async\" class=\"aligncenter size-full wp-image-40\" src=\"https:\/\/16bet4.com\/wp-content\/uploads\/2025\/05\/banner2-16bet4.avif\" alt=\"Casa de apostas 16bet4\" width=\"710\" height=\"320\" \/><\/p>\n","protected":false},"excerpt":{"rendered":"","protected":false},"author":1,"featured_media":0,"parent":0,"menu_order":0,"comment_status":"closed","ping_status":"closed","template":"","meta":{"footnotes":""},"class_list":["post-9","page","type-page","status-publish","hentry"],"_links":{"self":[{"href":"https:\/\/16bet4.com\/index.php?rest_route=\/wp\/v2\/pages\/9","targetHints":{"allow":["GET"]}}],"collection":[{"href":"https:\/\/16bet4.com\/index.php?rest_route=\/wp\/v2\/pages"}],"about":[{"href":"https:\/\/16bet4.com\/index.php?rest_route=\/wp\/v2\/types\/page"}],"author":[{"embeddable":true,"href":"https:\/\/16bet4.com\/index.php?rest_route=\/wp\/v2\/users\/1"}],"replies":[{"embeddable":true,"href":"https:\/\/16bet4.com\/index.php?rest_route=%2Fwp%2Fv2%2Fcomments&post=9"}],"version-history":[{"count":7,"href":"https:\/\/16bet4.com\/index.php?rest_route=\/wp\/v2\/pages\/9\/revisions"}],"predecessor-version":[{"id":53,"href":"https:\/\/16bet4.com\/index.php?rest_route=\/wp\/v2\/pages\/9\/revisions\/53"}],"wp:attachment":[{"href":"https:\/\/16bet4.com\/index.php?rest_route=%2Fwp%2Fv2%2Fmedia&parent=9"}],"curies":[{"name":"wp","href":"https:\/\/api.w.org\/{rel}","templated":true}]}}